{"id":2042,"date":"2023-03-05T18:07:19","date_gmt":"2023-03-05T17:07:19","guid":{"rendered":"https:\/\/www.lamaisondessecrets.fr\/?post_type=product&#038;p=2042"},"modified":"2026-04-01T13:52:20","modified_gmt":"2026-04-01T11:52:20","slug":"vase-je-suis-une-femme","status":"publish","type":"product","link":"https:\/\/www.lamaisondessecrets.fr\/en\/produit\/vase-je-suis-une-femme\/","title":{"rendered":"Vase &#8220;Je suis une femme&#8221;"},"content":{"rendered":"<p>Hauteur\u00a0 : 2 6\u00a0 cms<br \/>\nLargeur : 16,5 cms<br \/>\nProfondeur : 8 cms<\/p>\n","protected":false},"excerpt":{"rendered":"<p>Grand vase asym\u00e9trique en porcelaine de Limoges avec un visage d&#8217;un c\u00f4t\u00e9 et une grande palme de l&#8217;autre. Peut servir d&#8217;objet d\u00e9coratif. Travail noir et blanc au trainard et \u00e0 la plume. Pi\u00e8ce fil\u00e9e.<\/p>\n","protected":false},"featured_media":2047,"comment_status":"open","ping_status":"closed","template":"","meta":{"_acf_changed":false},"product_brand":[],"product_cat":[24],"product_tag":[],"class_list":{"0":"post-2042","1":"product","2":"type-product","3":"status-publish","4":"has-post-thumbnail","6":"product_cat-objet","8":"first","9":"onbackorder","10":"shipping-taxable","11":"purchasable","12":"product-type-simple"},"acf":[],"_links":{"self":[{"href":"https:\/\/www.lamaisondessecrets.fr\/en\/wp-json\/wp\/v2\/product\/2042","targetHints":{"allow":["GET"]}}],"collection":[{"href":"https:\/\/www.lamaisondessecrets.fr\/en\/wp-json\/wp\/v2\/product"}],"about":[{"href":"https:\/\/www.lamaisondessecrets.fr\/en\/wp-json\/wp\/v2\/types\/product"}],"replies":[{"embeddable":true,"href":"https:\/\/www.lamaisondessecrets.fr\/en\/wp-json\/wp\/v2\/comments?post=2042"}],"wp:featuredmedia":[{"embeddable":true,"href":"https:\/\/www.lamaisondessecrets.fr\/en\/wp-json\/wp\/v2\/media\/2047"}],"wp:attachment":[{"href":"https:\/\/www.lamaisondessecrets.fr\/en\/wp-json\/wp\/v2\/media?parent=2042"}],"wp:term":[{"taxonomy":"product_brand","embeddable":true,"href":"https:\/\/www.lamaisondessecrets.fr\/en\/wp-json\/wp\/v2\/product_brand?post=2042"},{"taxonomy":"product_cat","embeddable":true,"href":"https:\/\/www.lamaisondessecrets.fr\/en\/wp-json\/wp\/v2\/product_cat?post=2042"},{"taxonomy":"product_tag","embeddable":true,"href":"https:\/\/www.lamaisondessecrets.fr\/en\/wp-json\/wp\/v2\/product_tag?post=2042"}],"curies":[{"name":"wp","href":"https:\/\/api.w.org\/{rel}","templated":true}]}}