{"id":2021,"date":"2023-03-05T17:53:09","date_gmt":"2023-03-05T16:53:09","guid":{"rendered":"https:\/\/www.lamaisondessecrets.fr\/?post_type=product&#038;p=2021"},"modified":"2026-04-01T13:48:26","modified_gmt":"2026-04-01T11:48:26","slug":"vase-dans-la-jungle","status":"publish","type":"product","link":"https:\/\/www.lamaisondessecrets.fr\/en\/produit\/vase-dans-la-jungle\/","title":{"rendered":"Vase &#8220;Dans la jungle&#8221;"},"content":{"rendered":"<p>Hauteur : 20 cms<br \/>\nLargeur : 6 cms<br \/>\nProfondeur : 5 cms<\/p>\n","protected":false},"excerpt":{"rendered":"<p>Vase en porcelaine de Limoges peint aux pinceaux avec des motifs de jungle : v\u00e9g\u00e9taux et animaux. Pi\u00e8ce fil\u00e9e.<\/p>\n<p>&nbsp;<\/p>\n","protected":false},"featured_media":2028,"comment_status":"open","ping_status":"closed","template":"","meta":{"_acf_changed":false},"product_brand":[],"product_cat":[24],"product_tag":[],"class_list":{"0":"post-2021","1":"product","2":"type-product","3":"status-publish","4":"has-post-thumbnail","6":"product_cat-objet","8":"first","9":"outofstock","10":"shipping-taxable","11":"purchasable","12":"product-type-simple"},"acf":[],"_links":{"self":[{"href":"https:\/\/www.lamaisondessecrets.fr\/en\/wp-json\/wp\/v2\/product\/2021","targetHints":{"allow":["GET"]}}],"collection":[{"href":"https:\/\/www.lamaisondessecrets.fr\/en\/wp-json\/wp\/v2\/product"}],"about":[{"href":"https:\/\/www.lamaisondessecrets.fr\/en\/wp-json\/wp\/v2\/types\/product"}],"replies":[{"embeddable":true,"href":"https:\/\/www.lamaisondessecrets.fr\/en\/wp-json\/wp\/v2\/comments?post=2021"}],"wp:featuredmedia":[{"embeddable":true,"href":"https:\/\/www.lamaisondessecrets.fr\/en\/wp-json\/wp\/v2\/media\/2028"}],"wp:attachment":[{"href":"https:\/\/www.lamaisondessecrets.fr\/en\/wp-json\/wp\/v2\/media?parent=2021"}],"wp:term":[{"taxonomy":"product_brand","embeddable":true,"href":"https:\/\/www.lamaisondessecrets.fr\/en\/wp-json\/wp\/v2\/product_brand?post=2021"},{"taxonomy":"product_cat","embeddable":true,"href":"https:\/\/www.lamaisondessecrets.fr\/en\/wp-json\/wp\/v2\/product_cat?post=2021"},{"taxonomy":"product_tag","embeddable":true,"href":"https:\/\/www.lamaisondessecrets.fr\/en\/wp-json\/wp\/v2\/product_tag?post=2021"}],"curies":[{"name":"wp","href":"https:\/\/api.w.org\/{rel}","templated":true}]}}